{"id":3295,"date":"2022-09-08T09:45:13","date_gmt":"2022-09-08T09:45:13","guid":{"rendered":"https:\/\/3s-shop.wirt2web.at\/?post_type=product&#038;p=3295"},"modified":"2022-09-08T10:50:17","modified_gmt":"2022-09-08T10:50:17","slug":"3s-lederhalfter","status":"publish","type":"product","link":"https:\/\/3s-shop.wirt2web.at\/?product=3s-lederhalfter","title":{"rendered":"3S-Lederhalfter"},"content":{"rendered":"<div id=\"sppb-addon-wrapper-1601242743338\" class=\"sppb-addon-wrapper\">\n<div id=\"sppb-addon-1601242743338\" class=\"clearfix \">\n<div class=\"sppb-addon sppb-addon-text-block \">\n<div class=\"sppb-addon-content\">\n<h3 class=\"sppb-media-heading\">3S-Lederhalfter<\/h3>\n<ul>\n<li>Das 3S-Lederhalfter wird aus hochwertigem Leder gefertigt<\/li>\n<li>Farbe: schwarz oder braun<\/li>\n<li>Genickst\u00fcck: gerade oder ergonomisch geformt<\/li>\n<li>Genickst\u00fcck und Nasenriemen sind weich unterlegt<\/li>\n<li>Gr\u00f6\u00dfen: Full, Cob oder WB<\/li>\n<\/ul>\n<p>Individualit\u00e4t bei Leder, N\u00e4hten, Beschl\u00e4gen und Gr\u00f6\u00dfe \u2013 auf Wunsch passend zum Sattel<\/p>\n<\/div>\n<\/div>\n<\/div>\n<\/div>\n","protected":false},"excerpt":{"rendered":"<p>Ein Qualit\u00e4tshalfter aus dem Hause 3S<\/p>\n","protected":false},"featured_media":3299,"comment_status":"open","ping_status":"closed","template":"","meta":[],"product_cat":[82],"product_tag":[],"_links":{"self":[{"href":"https:\/\/3s-shop.wirt2web.at\/index.php?rest_route=\/wp\/v2\/product\/3295"}],"collection":[{"href":"https:\/\/3s-shop.wirt2web.at\/index.php?rest_route=\/wp\/v2\/product"}],"about":[{"href":"https:\/\/3s-shop.wirt2web.at\/index.php?rest_route=\/wp\/v2\/types\/product"}],"replies":[{"embeddable":true,"href":"https:\/\/3s-shop.wirt2web.at\/index.php?rest_route=%2Fwp%2Fv2%2Fcomments&post=3295"}],"wp:featuredmedia":[{"embeddable":true,"href":"https:\/\/3s-shop.wirt2web.at\/index.php?rest_route=\/wp\/v2\/media\/3299"}],"wp:attachment":[{"href":"https:\/\/3s-shop.wirt2web.at\/index.php?rest_route=%2Fwp%2Fv2%2Fmedia&parent=3295"}],"wp:term":[{"taxonomy":"product_cat","embeddable":true,"href":"https:\/\/3s-shop.wirt2web.at\/index.php?rest_route=%2Fwp%2Fv2%2Fproduct_cat&post=3295"},{"taxonomy":"product_tag","embeddable":true,"href":"https:\/\/3s-shop.wirt2web.at\/index.php?rest_route=%2Fwp%2Fv2%2Fproduct_tag&post=3295"}],"curies":[{"name":"wp","href":"https:\/\/api.w.org\/{rel}","templated":true}]}}