{"id":3301,"date":"2022-09-08T10:16:53","date_gmt":"2022-09-08T10:16:53","guid":{"rendered":"https:\/\/3s-shop.wirt2web.at\/?post_type=product&#038;p=3301"},"modified":"2022-09-08T10:46:37","modified_gmt":"2022-09-08T10:46:37","slug":"3s-trensen","status":"publish","type":"product","link":"https:\/\/3s-shop.wirt2web.at\/?product=3s-trensen","title":{"rendered":"3S-Trensen"},"content":{"rendered":"<div id=\"sppb-addon-wrapper-1601242743338\" class=\"sppb-addon-wrapper\">\n<div id=\"sppb-addon-1601242743338\" class=\"clearfix \">\n<div class=\"sppb-addon sppb-addon-text-block \">\n<div class=\"sppb-addon-content\">\n<h3 class=\"sppb-media-heading\">3S-Trensen<\/h3>\n<div class=\"sppb-blocknumber-text\">Die 3S-Trense (Zaumzeug oder Kandarenzaum) wird aus hochwertigem Leder gefertigt<\/div>\n<div><\/div>\n<ul>\n<li>Farbe: schwarz oder braun<\/li>\n<li>Genickst\u00fcck: gerade oder ergonomisch geformt<\/li>\n<li>Stirn- und Nasenriemen: Breite w\u00e4hlbar<\/li>\n<li>Genickst\u00fcck, Stirn- und Nasenriemen sind weich unterlegt<\/li>\n<li>Gr\u00f6\u00dfen: Full, Cob oder WB<\/li>\n<li>Art: Englisch, Hannoveranisch, SchwedischIndividualit\u00e4t bei Leder, N\u00e4hten, Beschl\u00e4gen und Gr\u00f6\u00dfe \u2013 auf Wunsch passend zum Sattel<\/li>\n<\/ul>\n<\/div>\n<\/div>\n<\/div>\n<\/div>\n","protected":false},"excerpt":{"rendered":"<p>Ein Qualit\u00e4tstrensen aus dem Hause 3S<\/p>\n","protected":false},"featured_media":3305,"comment_status":"open","ping_status":"closed","template":"","meta":[],"product_cat":[83],"product_tag":[],"_links":{"self":[{"href":"https:\/\/3s-shop.wirt2web.at\/index.php?rest_route=\/wp\/v2\/product\/3301"}],"collection":[{"href":"https:\/\/3s-shop.wirt2web.at\/index.php?rest_route=\/wp\/v2\/product"}],"about":[{"href":"https:\/\/3s-shop.wirt2web.at\/index.php?rest_route=\/wp\/v2\/types\/product"}],"replies":[{"embeddable":true,"href":"https:\/\/3s-shop.wirt2web.at\/index.php?rest_route=%2Fwp%2Fv2%2Fcomments&post=3301"}],"wp:featuredmedia":[{"embeddable":true,"href":"https:\/\/3s-shop.wirt2web.at\/index.php?rest_route=\/wp\/v2\/media\/3305"}],"wp:attachment":[{"href":"https:\/\/3s-shop.wirt2web.at\/index.php?rest_route=%2Fwp%2Fv2%2Fmedia&parent=3301"}],"wp:term":[{"taxonomy":"product_cat","embeddable":true,"href":"https:\/\/3s-shop.wirt2web.at\/index.php?rest_route=%2Fwp%2Fv2%2Fproduct_cat&post=3301"},{"taxonomy":"product_tag","embeddable":true,"href":"https:\/\/3s-shop.wirt2web.at\/index.php?rest_route=%2Fwp%2Fv2%2Fproduct_tag&post=3301"}],"curies":[{"name":"wp","href":"https:\/\/api.w.org\/{rel}","templated":true}]}}