{"id":3307,"date":"2022-09-08T10:39:19","date_gmt":"2022-09-08T10:39:19","guid":{"rendered":"https:\/\/3s-shop.wirt2web.at\/?post_type=product&#038;p=3307"},"modified":"2022-10-06T07:15:43","modified_gmt":"2022-10-06T07:15:43","slug":"3s-kurzgurt","status":"publish","type":"product","link":"https:\/\/3s-shop.wirt2web.at\/?product=3s-kurzgurt","title":{"rendered":"3S-Kurzgurt"},"content":{"rendered":"<div id=\"sppb-addon-wrapper-1601242743338\" class=\"sppb-addon-wrapper\">\n<div id=\"sppb-addon-1601242743338\" class=\"clearfix \">\n<div class=\"sppb-addon sppb-addon-text-block \">\n<div class=\"sppb-addon-content\">\n<h3 class=\"sppb-media-heading\">3S-Kurzgurt<\/h3>\n<div class=\"sppb-blocknumber-text\">\n<p>Unsere Gurte werden aus hochwertigem Leder gefertigt, sind weich gepolstert und ergonomisch geformt.<\/p>\n<p>Auf Anfrage: Individualit\u00e4t bei Leder, N\u00e4hten, Beschl\u00e4gen, L\u00e4nge und Breite &#8211; auf Wunsch passend zu Sattel und Zaumzeug<\/p>\n<\/div>\n<\/div>\n<\/div>\n<\/div>\n<\/div>\n","protected":false},"excerpt":{"rendered":"<p>Ein Qualit\u00e4tskurzgurt aus dem Hause 3S<\/p>\n","protected":false},"featured_media":3311,"comment_status":"open","ping_status":"closed","template":"","meta":[],"product_cat":[84],"product_tag":[],"_links":{"self":[{"href":"https:\/\/3s-shop.wirt2web.at\/index.php?rest_route=\/wp\/v2\/product\/3307"}],"collection":[{"href":"https:\/\/3s-shop.wirt2web.at\/index.php?rest_route=\/wp\/v2\/product"}],"about":[{"href":"https:\/\/3s-shop.wirt2web.at\/index.php?rest_route=\/wp\/v2\/types\/product"}],"replies":[{"embeddable":true,"href":"https:\/\/3s-shop.wirt2web.at\/index.php?rest_route=%2Fwp%2Fv2%2Fcomments&post=3307"}],"wp:featuredmedia":[{"embeddable":true,"href":"https:\/\/3s-shop.wirt2web.at\/index.php?rest_route=\/wp\/v2\/media\/3311"}],"wp:attachment":[{"href":"https:\/\/3s-shop.wirt2web.at\/index.php?rest_route=%2Fwp%2Fv2%2Fmedia&parent=3307"}],"wp:term":[{"taxonomy":"product_cat","embeddable":true,"href":"https:\/\/3s-shop.wirt2web.at\/index.php?rest_route=%2Fwp%2Fv2%2Fproduct_cat&post=3307"},{"taxonomy":"product_tag","embeddable":true,"href":"https:\/\/3s-shop.wirt2web.at\/index.php?rest_route=%2Fwp%2Fv2%2Fproduct_tag&post=3307"}],"curies":[{"name":"wp","href":"https:\/\/api.w.org\/{rel}","templated":true}]}}