{"id":3312,"date":"2022-09-08T10:52:04","date_gmt":"2022-09-08T10:52:04","guid":{"rendered":"https:\/\/3s-shop.wirt2web.at\/?post_type=product&#038;p=3312"},"modified":"2022-09-09T08:46:00","modified_gmt":"2022-09-09T08:46:00","slug":"3s-steigbuegelriemen","status":"publish","type":"product","link":"https:\/\/3s-shop.wirt2web.at\/?product=3s-steigbuegelriemen","title":{"rendered":"3S-Steigb\u00fcgelriemen"},"content":{"rendered":"<div id=\"sppb-addon-wrapper-1601242743338\" class=\"sppb-addon-wrapper\">\n<div id=\"sppb-addon-1601242743338\" class=\"clearfix \">\n<div class=\"sppb-addon sppb-addon-text-block \">\n<div class=\"sppb-addon-content\">\n<h3 class=\"sppb-media-heading\">3S-Steigb\u00fcgelriemen<\/h3>\n<div class=\"sppb-blocknumber-text\">Der 3S-Steigb\u00fcgelriemen werden aus hochwertigem Leder gefertigt L\u00e4nge: 150 oder 160 cm<br \/>\nIndividuall\u00e4ngen auf AnfrageFarben: schwarz oder braunArt: klassisch oder Monosteigb\u00fcgel<\/p>\n<p>Individualit\u00e4t bei Leder, N\u00e4hten und L\u00e4nge \u2013 auf Wunsch passend zum Sattel<\/p>\n<\/div>\n<\/div>\n<\/div>\n<\/div>\n<\/div>\n","protected":false},"excerpt":{"rendered":"<p>Ein Qualit\u00e4tssteigb\u00fcgelriemen aus dem Hause 3S<\/p>\n","protected":false},"featured_media":3316,"comment_status":"open","ping_status":"closed","template":"","meta":[],"product_cat":[86],"product_tag":[],"_links":{"self":[{"href":"https:\/\/3s-shop.wirt2web.at\/index.php?rest_route=\/wp\/v2\/product\/3312"}],"collection":[{"href":"https:\/\/3s-shop.wirt2web.at\/index.php?rest_route=\/wp\/v2\/product"}],"about":[{"href":"https:\/\/3s-shop.wirt2web.at\/index.php?rest_route=\/wp\/v2\/types\/product"}],"replies":[{"embeddable":true,"href":"https:\/\/3s-shop.wirt2web.at\/index.php?rest_route=%2Fwp%2Fv2%2Fcomments&post=3312"}],"wp:featuredmedia":[{"embeddable":true,"href":"https:\/\/3s-shop.wirt2web.at\/index.php?rest_route=\/wp\/v2\/media\/3316"}],"wp:attachment":[{"href":"https:\/\/3s-shop.wirt2web.at\/index.php?rest_route=%2Fwp%2Fv2%2Fmedia&parent=3312"}],"wp:term":[{"taxonomy":"product_cat","embeddable":true,"href":"https:\/\/3s-shop.wirt2web.at\/index.php?rest_route=%2Fwp%2Fv2%2Fproduct_cat&post=3312"},{"taxonomy":"product_tag","embeddable":true,"href":"https:\/\/3s-shop.wirt2web.at\/index.php?rest_route=%2Fwp%2Fv2%2Fproduct_tag&post=3312"}],"curies":[{"name":"wp","href":"https:\/\/api.w.org\/{rel}","templated":true}]}}